{"id":1271,"date":"2019-07-28T10:58:16","date_gmt":"2019-07-28T10:58:16","guid":{"rendered":"https:\/\/www.rally-events.com\/contact\/"},"modified":"2019-08-21T12:30:45","modified_gmt":"2019-08-21T12:30:45","slug":"contact","status":"publish","type":"page","link":"https:\/\/www.rally-events.com\/nl\/contact\/","title":{"rendered":"Contact"},"content":{"rendered":"<p>[et_pb_section fb_built=&#8221;1&#8243; fullwidth=&#8221;on&#8221; _builder_version=&#8221;3.25.4&#8243; background_video_mp4=&#8221;http:\/\/rally-events.com\/wp-content\/uploads\/2019\/07\/Rally-Events-Contacto.mp4&#8243; background_video_width=&#8221;19020&#8243; background_video_height=&#8221;500px&#8221; custom_margin=&#8221;||||true&#8221; custom_padding=&#8221;||||true&#8221; locked=&#8221;off&#8221; fb_built=&#8221;1&#8243; _i=&#8221;0&#8243; _address=&#8221;0&#8243;][et_pb_fullwidth_slider use_bg_overlay=&#8221;on&#8221; bg_overlay_color=&#8221;rgba(0,0,0,0.48)&#8221; _builder_version=&#8221;3.25.4&#8243; header_font=&#8221;||||||||&#8221; body_font=&#8221;||||||||&#8221; body_font_size=&#8221;12px&#8221; background_color=&#8221;#000000&#8243; background_size=&#8221;initial&#8221; background_position=&#8221;top_left&#8221; background_repeat=&#8221;repeat&#8221; custom_margin=&#8221;0px||0px||true&#8221; custom_padding=&#8221;150px||150px||true&#8221; custom_padding_tablet=&#8221;75px||75px||true&#8221; custom_padding_phone=&#8221;50px||50px||true&#8221; custom_padding_last_edited=&#8221;on|tablet&#8221; header_font_size_phone=&#8221;30px&#8221; header_font_size_last_edited=&#8221;on|tablet&#8221; _i=&#8221;0&#8243; _address=&#8221;0.0&#8243;][et_pb_slide heading=&#8221;Contact&#8221; _builder_version=&#8221;3.25.4&#8243; header_level=&#8221;h3&#8243; header_font=&#8221;||||||||&#8221; header_letter_spacing=&#8221;1px&#8221; body_font=&#8221;Muli|600||on|||||&#8221; body_letter_spacing=&#8221;2px&#8221; background_color=&#8221;rgba(0,0,0,0)&#8221; background_size=&#8221;initial&#8221; background_position=&#8221;top_left&#8221; background_repeat=&#8221;repeat&#8221; custom_padding=&#8221;||||true&#8221; _i=&#8221;0&#8243; _address=&#8221;0.0.0&#8243;][\/et_pb_slide][\/et_pb_fullwidth_slider][\/et_pb_section][et_pb_section fb_built=&#8221;1&#8243; _builder_version=&#8221;3.26.1&#8243; background_color=&#8221;#191919&#8243; background_image=&#8221;https:\/\/www.rally-events.com\/wp-content\/uploads\/2019\/07\/textura-rejilla-circulos-oscura.jpg&#8221; background_size=&#8221;initial&#8221; background_position=&#8221;top_left&#8221; background_repeat=&#8221;repeat&#8221; border_width_top=&#8221;1px&#8221; border_width_bottom=&#8221;1px&#8221; custom_margin=&#8221;0px||0px||true&#8221; custom_padding=&#8221;0px||0px||true|true&#8221; fb_built=&#8221;1&#8243; _i=&#8221;1&#8243; _address=&#8221;1&#8243;][et_pb_row column_structure=&#8221;1_2,1_2&#8243; use_custom_gutter=&#8221;on&#8221; gutter_width=&#8221;1&#8243; make_equal=&#8221;on&#8221; custom_padding_last_edited=&#8221;on|phone&#8221; _builder_version=&#8221;3.26.3&#8243; background_color=&#8221;#191919&#8243; background_image=&#8221;https:\/\/www.rally-events.com\/wp-content\/uploads\/2019\/07\/textura-rejilla-circulos-oscura.jpg&#8221; background_size=&#8221;initial&#8221; background_position=&#8221;top_left&#8221; background_repeat=&#8221;repeat-y&#8221; width=&#8221;100%&#8221; max_width=&#8221;100%&#8221; max_width_tablet=&#8221;90%&#8221; max_width_phone=&#8221;95%&#8221; max_width_last_edited=&#8221;on|desktop&#8221; module_alignment=&#8221;center&#8221; custom_margin=&#8221;|||||true&#8221; custom_padding=&#8221;0px|0px|0px|4%|true|false&#8221; custom_padding_tablet=&#8221;|0%||0%||true&#8221; background_color_tablet=&#8221;#191919&#8243; background_last_edited=&#8221;on|desktop&#8221; background_enable_color_tablet=&#8221;on&#8221; _i=&#8221;0&#8243; _address=&#8221;1.0&#8243;][et_pb_column type=&#8221;1_2&#8243; _builder_version=&#8221;3.25.4&#8243; background_color=&#8221;#ffffff&#8221; border_width_left=&#8221;3px&#8221; border_color_left=&#8221;#ccb36d&#8221; custom_padding=&#8221;100px|5vh||25vh||false&#8221; custom_padding_tablet=&#8221;30px|20px||20px||true&#8221; custom_padding_phone=&#8221;30px|10px||10px||true&#8221; custom_padding_last_edited=&#8221;on|tablet&#8221; _i=&#8221;0&#8243; _address=&#8221;1.0.0&#8243;][et_pb_image src=&#8221;http:\/\/rally-events.com\/wp-content\/uploads\/2019\/07\/Logo-Rally-Events-SOLO-ISOTIPO.png&#8221; _builder_version=&#8221;3.25.4&#8243; width=&#8221;30%&#8221; width_phone=&#8221;40%&#8221; width_last_edited=&#8221;on|tablet&#8221; module_alignment=&#8221;center&#8221; animation_style=&#8221;slide&#8221; _i=&#8221;0&#8243; _address=&#8221;1.0.0.0&#8243;][\/et_pb_image][et_pb_text _builder_version=&#8221;3.25.4&#8243; header_2_font=&#8221;||||||||&#8221; header_2_text_align=&#8221;center&#8221; header_2_text_color=&#8221;#000000&#8243; header_2_font_size=&#8221;35px&#8221; custom_margin=&#8221;30px||&#8221; _i=&#8221;1&#8243; _address=&#8221;1.0.0.1&#8243;]<\/p>\n<h2>Rally Events<\/h2>\n<p>[\/et_pb_text][et_pb_divider divider_style=&#8221;double&#8221; divider_weight=&#8221;4px&#8221; _builder_version=&#8221;3.25.4&#8243; width=&#8221;200px&#8221; module_alignment=&#8221;center&#8221; custom_margin=&#8221;||0px&#8221; _i=&#8221;2&#8243; _address=&#8221;1.0.0.2&#8243;][\/et_pb_divider][et_pb_text _builder_version=&#8221;3.25.4&#8243; text_font=&#8221;||||||||&#8221; header_font=&#8221;||||||||&#8221; header_3_font=&#8221;Muli|600||on|||||&#8221; header_3_text_align=&#8221;center&#8221; header_3_font_size=&#8221;12px&#8221; _i=&#8221;3&#8243; _address=&#8221;1.0.0.3&#8243;]<\/p>\n<h3>Exclusive Cars And Locations<\/h3>\n<p>[\/et_pb_text][et_pb_text _builder_version=&#8221;3.25.4&#8243; text_font=&#8221;||||||||&#8221; text_font_size=&#8221;16px&#8221; text_line_height=&#8221;1.8em&#8221; custom_margin=&#8221;40px||40px||true&#8221; custom_margin_last_edited=&#8221;on|desktop&#8221; _i=&#8221;4&#8243; _address=&#8221;1.0.0.4&#8243;]Nos complacer\u00eda brindarle m\u00e1s informaci\u00f3n y nos encantar\u00eda verlo como participante en uno de los eventos que organizamos.<br \/>\n[\/et_pb_text][et_pb_blurb title=&#8221;Telefoonnummer&#8221; use_icon=&#8221;on&#8221; font_icon=&#8221;%%104%%&#8221; icon_placement=&#8221;left&#8221; content_max_width=&#8221;100%&#8221; use_icon_font_size=&#8221;on&#8221; icon_font_size=&#8221;41px&#8221; admin_label=&#8221;Tel\u00e9fono&#8221; _builder_version=&#8221;3.26.7&#8243; custom_margin=&#8221;||40px|50px&#8221; custom_margin_last_edited=&#8221;on|desktop&#8221; _i=&#8221;5&#8243; _address=&#8221;1.0.0.5&#8243;]+34 952 919 980<br \/>\n+34 647 687 842[\/et_pb_blurb][et_pb_blurb title=&#8221;E-mail&#8221; use_icon=&#8221;on&#8221; font_icon=&#8221;%%109%%&#8221; icon_placement=&#8221;left&#8221; content_max_width=&#8221;100%&#8221; use_icon_font_size=&#8221;on&#8221; icon_font_size=&#8221;41px&#8221; admin_label=&#8221;Correo&#8221; _builder_version=&#8221;3.25.4&#8243; custom_margin=&#8221;||40px|50px&#8221; custom_margin_last_edited=&#8221;on|desktop&#8221; _i=&#8221;6&#8243; _address=&#8221;1.0.0.6&#8243;]info@rally-events.com<br \/>\n[\/et_pb_blurb][et_pb_blurb title=&#8221;Adres&#8221; use_icon=&#8221;on&#8221; font_icon=&#8221;%%122%%&#8221; icon_placement=&#8221;left&#8221; content_max_width=&#8221;100%&#8221; use_icon_font_size=&#8221;on&#8221; icon_font_size=&#8221;41px&#8221; _builder_version=&#8221;3.25.4&#8243; custom_margin=&#8221;||30px|50px&#8221; custom_margin_last_edited=&#8221;on|desktop&#8221; _i=&#8221;7&#8243; _address=&#8221;1.0.0.7&#8243;]Pol\u00edgono Ind. Villa Rosa,\u00a0Carril de Guetara 71.<br \/>\n29004 M\u00e1laga. [ Espa\u00f1a ]<br \/>\n[\/et_pb_blurb][\/et_pb_column][et_pb_column type=&#8221;1_2&#8243; _builder_version=&#8221;3.26.3&#8243; background_size=&#8221;initial&#8221; background_position=&#8221;top_left&#8221; background_repeat=&#8221;repeat&#8221; border_width_left=&#8221;1px&#8221; custom_padding=&#8221;75px||50px|5vh|false&#8221; custom_padding_tablet=&#8221;|20px||20px||true&#8221; custom_padding_phone=&#8221;|15px||15px||true&#8221; custom_padding_last_edited=&#8221;on|desktop&#8221; background_color_tablet=&#8221;#191919&#8243; background_color_phone=&#8221;#191919&#8243; background_last_edited=&#8221;on|tablet&#8221; background_enable_color_tablet=&#8221;on&#8221; background_enable_color_phone=&#8221;on&#8221; _i=&#8221;1&#8243; _address=&#8221;1.0.1&#8243;][et_pb_text _builder_version=&#8221;3.25.4&#8243; text_font=&#8221;||||||||&#8221; header_font=&#8221;||||||||&#8221; header_3_font=&#8221;||||||||&#8221; header_3_text_color=&#8221;#ccb36d&#8221; custom_margin=&#8221;||20px&#8221; _i=&#8221;0&#8243; _address=&#8221;1.0.1.0&#8243;]<\/p>\n<h3><span class=\"tlid-translation translation\" lang=\"nl\"><span class=\"\" title=\"\">Contact formulier<\/span><\/span><\/h3>\n<p>[\/et_pb_text][et_pb_code _builder_version=&#8221;3.27.2&#8243; width=&#8221;80%&#8221; width_last_edited=&#8221;on|desktop&#8221; hover_enabled=&#8221;0&#8243; _i=&#8221;1&#8243; _address=&#8221;1.0.1.1&#8243;]\n<div class=\"wpcf7 no-js\" id=\"wpcf7-f1372-o1\" lang=\"es-ES\" dir=\"ltr\" data-wpcf7-id=\"1372\">\n<div class=\"screen-reader-response\"><p role=\"status\" aria-live=\"polite\" aria-atomic=\"true\"><\/p> <ul><\/ul><\/div>\n<form action=\"\/nl\/wp-json\/wp\/v2\/pages\/1271#wpcf7-f1372-o1\" method=\"post\" class=\"wpcf7-form init\" aria-label=\"Formulario de contacto\" novalidate=\"novalidate\" data-status=\"init\">\n<fieldset class=\"hidden-fields-container\"><input type=\"hidden\" name=\"_wpcf7\" value=\"1372\" \/><input type=\"hidden\" name=\"_wpcf7_version\" value=\"6.1.5\" \/><input type=\"hidden\" name=\"_wpcf7_locale\" value=\"es_ES\" \/><input type=\"hidden\" name=\"_wpcf7_unit_tag\" value=\"wpcf7-f1372-o1\" \/><input type=\"hidden\" name=\"_wpcf7_container_post\" value=\"0\" \/><input type=\"hidden\" name=\"_wpcf7_posted_data_hash\" value=\"\" \/><input type=\"hidden\" name=\"_wpcf7_recaptcha_response\" value=\"\" \/>\n<\/fieldset>\n<div class=\"et_pb_contact\">\n\t<div class=\"et_pb_contact_form\">\n\t\t<p class=\"et_pb_contact_field et_pb_contact_field_half\"><span class=\"wpcf7-form-control-wrap\" data-name=\"your-name\"><input size=\"40\" maxlength=\"400\" class=\"wpcf7-form-control wpcf7-text wpcf7-validates-as-required\" aria-required=\"true\" aria-invalid=\"false\" placeholder=\"Naam\" value=\"\" type=\"text\" name=\"your-name\" \/><\/span>\n\t\t<\/p>\n\t\t<p class=\"et_pb_contact_field et_pb_contact_field_half et_pb_contact_field_last\"><span class=\"wpcf7-form-control-wrap\" data-name=\"your-email\"><input size=\"40\" maxlength=\"400\" class=\"wpcf7-form-control wpcf7-email wpcf7-validates-as-required wpcf7-text wpcf7-validates-as-email\" aria-required=\"true\" aria-invalid=\"false\" placeholder=\"E-mail\" value=\"\" type=\"email\" name=\"your-email\" \/><\/span>\n\t\t<\/p>\n\t\t<p class=\"et_pb_contact_field et_pb_contact_field_half\"><span class=\"wpcf7-form-control-wrap\" data-name=\"tel-1\"><input size=\"40\" maxlength=\"400\" class=\"wpcf7-form-control wpcf7-tel wpcf7-text wpcf7-validates-as-tel\" aria-invalid=\"false\" placeholder=\"Telefoonnummer\" value=\"\" type=\"tel\" name=\"tel-1\" \/><\/span>\n\t\t<\/p>\n\t\t<p class=\"et_pb_contact_field et_pb_contact_field_half et_pb_contact_field_last\"><span class=\"wpcf7-form-control-wrap\" data-name=\"your-subject\"><input size=\"40\" maxlength=\"400\" class=\"wpcf7-form-control wpcf7-text\" aria-invalid=\"false\" placeholder=\"Onderwerp\" value=\"\" type=\"text\" name=\"your-subject\" \/><\/span>\n\t\t<\/p>\n\t\t<p class=\"et_pb_contact_field et_pb_contact_field_last\"><span class=\"wpcf7-form-control-wrap\" data-name=\"your-message\"><textarea cols=\"40\" rows=\"10\" maxlength=\"2000\" class=\"wpcf7-form-control wpcf7-textarea\" aria-invalid=\"false\" placeholder=\"Bericht\" name=\"your-message\"><\/textarea><\/span>\n\t\t<\/p>\n\t<\/div>\n<\/div>\n<div class=\"acetar_politica\">\n\t<p><span class=\"wpcf7-form-control-wrap\" data-name=\"acceptance-758\"><span class=\"wpcf7-form-control wpcf7-acceptance\"><span class=\"wpcf7-list-item\"><input type=\"checkbox\" name=\"acceptance-758\" value=\"1\" aria-invalid=\"false\" \/><\/span><\/span><\/span> He le\u00eddo y acepto vuestro <a href=\"..\/aviso-legal\/\" target=\"_blank\">Aviso Legal.<\/a> y <a href=\"..\/politica-de-privacidad\/\" target=\"_blank\">Pol\u00edtica de Privacidad.<\/a>\n\t<\/p>\n<\/div>\n<div class=\"et_contact_bottom_container\">\n\t<p><input class=\"wpcf7-form-control wpcf7-submit has-spinner et_pb_contact_submit et_pb_button\" type=\"submit\" value=\"Sturen\" \/>\n\t<\/p>\n<\/div>\n<div class=\"proteccion-datos\">\n\t<h4>Informaci\u00f3n b\u00e1sica sobre Protecci\u00f3n de Datos.\n\t<\/h4>\n\t<ul>\n\t\t<li>\n\t\t\t<p><strong>Responsable:<\/strong> Rally Events\n\t\t\t<\/p>\n\t\t<\/li>\n\t\t<li>\n\t\t\t<p><strong>Finalidad:<\/strong> Obtenci\u00f3n de tu consentimiento para responder a las cuestiones que nos planteas a trav\u00e9s de nuestro formulario de contacto.\n\t\t\t<\/p>\n\t\t<\/li>\n\t\t<li>\n\t\t\t<p><strong>Legitimaci\u00f3n:<\/strong> Consentimiento del interesado.\n\t\t\t<\/p>\n\t\t<\/li>\n\t\t<li>\n\t\t\t<p><strong>Destinatarios: <\/strong>No se ceder\u00e1n datos a terceros, salvo obligaci\u00f3n legal.\n\t\t\t<\/p>\n\t\t<\/li>\n\t\t<li>\n\t\t\t<p><strong>Derechos:<\/strong> Acceder, rectificar y suprimir los datos, as\u00ed como otros derechos, como se explica en la informaci\u00f3n adicional.\n\t\t\t<\/p>\n\t\t<\/li>\n\t\t<li>\n\t\t\t<p><strong>Informaci\u00f3n adicional: <\/strong>Puedes consultar la informaci\u00f3n adicional y detallada sobre Protecci\u00f3n de Datos en el siguiente enlace: <a href=\"\/politica-de-privacidad\/\" target=\"_blank\">Ver Pol\u00edtica de Privacidad<\/a>\n\t\t\t<\/p>\n\t\t<\/li>\n\t<\/ul>\n<\/div><div class=\"wpcf7-response-output\" aria-hidden=\"true\"><\/div>\n<\/form>\n<\/div>\n[\/et_pb_code][\/et_pb_column][\/et_pb_row][\/et_pb_section][et_pb_section fb_built=&#8221;1&#8243; fullwidth=&#8221;on&#8221; _builder_version=&#8221;3.25.4&#8243; fb_built=&#8221;1&#8243; _i=&#8221;2&#8243; _address=&#8221;2&#8243;][et_pb_fullwidth_code _builder_version=&#8221;3.25.4&#8243; filter_saturate=&#8221;0%&#8221; filter_saturate__hover_enabled=&#8221;on&#8221; filter_saturate__hover=&#8221;100%&#8221; _i=&#8221;0&#8243; _address=&#8221;2.0&#8243;]<iframe loading=\"lazy\" style=\"border: 0;\" src=\"https:\/\/www.google.com\/maps\/embed?pb=!1m18!1m12!1m3!1d3200.070572382917!2d-4.472073384414112!3d36.6728041825596!2m3!1f0!2f0!3f0!3m2!1i1024!2i768!4f13.1!3m3!1m2!1s0xd72f98d8c5dbcf1%3A0x2f5ef61ccf7ca71c!2sCtra.+Carril+de+Guetara%2C+71%2C+29004+M%C3%A1laga!5e0!3m2!1ses!2ses!4v1562755348179!5m2!1ses!2ses\" width=\"100%\" height=\"450\" frameborder=\"0\" allowfullscreen=\"allowfullscreen\"><\/iframe>[\/et_pb_fullwidth_code][\/et_pb_section]<\/p>\n","protected":false},"excerpt":{"rendered":"<p>Rally Events Exclusive Cars And Locations Nos complacer\u00eda brindarle m\u00e1s informaci\u00f3n y nos encantar\u00eda verlo como participante en uno de los eventos que organizamos. +34 952 919 980 +34 647 687 842info@rally-events.com Pol\u00edgono Ind. Villa Rosa,\u00a0Carril de Guetara 71. 29004 M\u00e1laga. [ Espa\u00f1a ] Contact formulier <p class=\"wpcf7-contact-form-not-found\"><strong>Fout:<\/strong> Contact formulier niet gevonden.<\/p><\/p>\n","protected":false},"author":1,"featured_media":0,"parent":0,"menu_order":0,"comment_status":"closed","ping_status":"closed","template":"","meta":{"_et_pb_use_builder":"on","_et_pb_old_content":"","_et_gb_content_width":"","inline_featured_image":false,"footnotes":""},"class_list":["post-1271","page","type-page","status-publish","hentry"],"_links":{"self":[{"href":"https:\/\/www.rally-events.com\/nl\/wp-json\/wp\/v2\/pages\/1271","targetHints":{"allow":["GET"]}}],"collection":[{"href":"https:\/\/www.rally-events.com\/nl\/wp-json\/wp\/v2\/pages"}],"about":[{"href":"https:\/\/www.rally-events.com\/nl\/wp-json\/wp\/v2\/types\/page"}],"author":[{"embeddable":true,"href":"https:\/\/www.rally-events.com\/nl\/wp-json\/wp\/v2\/users\/1"}],"replies":[{"embeddable":true,"href":"https:\/\/www.rally-events.com\/nl\/wp-json\/wp\/v2\/comments?post=1271"}],"version-history":[{"count":3,"href":"https:\/\/www.rally-events.com\/nl\/wp-json\/wp\/v2\/pages\/1271\/revisions"}],"predecessor-version":[{"id":1421,"href":"https:\/\/www.rally-events.com\/nl\/wp-json\/wp\/v2\/pages\/1271\/revisions\/1421"}],"wp:attachment":[{"href":"https:\/\/www.rally-events.com\/nl\/wp-json\/wp\/v2\/media?parent=1271"}],"curies":[{"name":"wp","href":"https:\/\/api.w.org\/{rel}","templated":true}]}}